
	
{"id":77,"date":"2020-04-20T16:49:13","date_gmt":"2020-04-20T14:49:13","guid":{"rendered":"https:\/\/restauration.jesoutiensmescommerces.fr\/le-pressoir\/?post_type=product&#038;p=77"},"modified":"2020-06-14T23:53:40","modified_gmt":"2020-06-14T21:53:40","slug":"plat-du-jour","status":"publish","type":"product","link":"https:\/\/restauration.jesoutiensmescommerces.fr\/le-pressoir\/produit\/plat-du-jour\/","title":{"rendered":"plat du jour 6\u20ac"},"content":{"rendered":"<h3>Cette semaine :<\/h3>\n<ul>\n<li><strong>Lundi 15 Juin<\/strong><\/li>\n<\/ul>\n<p>Steack de gigot, po\u00eal\u00e9e de l\u00e9gumes.<\/p>\n<ul>\n<li><strong>Mardi 16 Juin<\/strong><\/li>\n<\/ul>\n<p>Pi\u00e8ce du boucher sauce b\u00e9arnaise, pur\u00e9e de c\u00e9leri .<\/p>\n<ul>\n<li><strong>Mercredi 17 Juin<\/strong><\/li>\n<\/ul>\n<p>Jambon brais\u00e9 sauce au pommeau, risotto de coquillettes \u00a0.<\/p>\n<ul>\n<li><strong>Jeudi 18 Juin<\/strong><\/li>\n<\/ul>\n<p>Fricass\u00e9e de poulet sauce cocotte, pommes de terre saut\u00e9es .<\/p>\n<ul>\n<li><strong>Vendredi 19 Juin<\/strong><\/li>\n<\/ul>\n<p>Poisson selon arrivage<\/p>\n<ul>\n<li><strong>Dessert maison<\/strong><\/li>\n<\/ul>\n<p>Abricots r\u00f4ti au miel et sa boule de glace<\/p>\n","protected":false},"excerpt":{"rendered":"<p>Cette semaine : Lundi 15 Juin Steack de gigot, po\u00eal\u00e9e de l\u00e9gumes. Mardi 16 Juin Pi\u00e8ce du boucher sauce b\u00e9arnaise, pur\u00e9e de c\u00e9leri . Mercredi 17 Juin Jambon brais\u00e9 sauce au pommeau, risotto de coquillettes \u00a0. Jeudi 18 Juin Fricass\u00e9e de poulet sauce cocotte, pommes de terre saut\u00e9es . Vendredi 19 Juin Poisson selon arrivage [&hellip;]<\/p>\n","protected":false},"featured_media":98,"template":"","meta":[],"product_cat":[15],"product_tag":[],"_links":{"self":[{"href":"https:\/\/restauration.jesoutiensmescommerces.fr\/le-pressoir\/wp-json\/wp\/v2\/product\/77"}],"collection":[{"href":"https:\/\/restauration.jesoutiensmescommerces.fr\/le-pressoir\/wp-json\/wp\/v2\/product"}],"about":[{"href":"https:\/\/restauration.jesoutiensmescommerces.fr\/le-pressoir\/wp-json\/wp\/v2\/types\/product"}],"wp:featuredmedia":[{"embeddable":true,"href":"https:\/\/restauration.jesoutiensmescommerces.fr\/le-pressoir\/wp-json\/wp\/v2\/media\/98"}],"wp:attachment":[{"href":"https:\/\/restauration.jesoutiensmescommerces.fr\/le-pressoir\/wp-json\/wp\/v2\/media?parent=77"}],"wp:term":[{"taxonomy":"product_cat","embeddable":true,"href":"https:\/\/restauration.jesoutiensmescommerces.fr\/le-pressoir\/wp-json\/wp\/v2\/product_cat?post=77"},{"taxonomy":"product_tag","embeddable":true,"href":"https:\/\/restauration.jesoutiensmescommerces.fr\/le-pressoir\/wp-json\/wp\/v2\/product_tag?post=77"}],"curies":[{"name":"wp","href":"https:\/\/api.w.org\/{rel}","templated":true}]}}