
	
{"id":55,"date":"2020-04-03T17:08:14","date_gmt":"2020-04-03T15:08:14","guid":{"rendered":"https:\/\/restauration.jesoutiensmescommerces.fr\/le-pressoir\/?page_id=55"},"modified":"2020-04-03T17:08:14","modified_gmt":"2020-04-03T15:08:14","slug":"mentions-legales","status":"publish","type":"page","link":"https:\/\/restauration.jesoutiensmescommerces.fr\/le-pressoir\/mentions-legales\/","title":{"rendered":"Mentions l\u00e9gales"},"content":{"rendered":"\n<p>Conform\u00e9ment aux dispositions des articles 6-III et 19 de la Loi n\u00b0 2004-575 du 21 juin 2004 pour la Confiance dans l&rsquo;\u00e9conomie num\u00e9rique, dite L.C.E.N., nous portons \u00e0 la connaissance des utilisateurs et visiteurs du site : <a rel=\"noreferrer noopener\" href=\"https:\/\/restauration.jesoutiensmescommerces.fr\" target=\"_blank\">commerces.exig.fr<\/a> les informations suivantes :<\/p>\n\n\n\n<p><strong>\u00c9DITEUR<\/strong><\/p>\n\n\n\n<p>Le site <a href=\"https:\/\/restauration.jesoutiensmescommerces.fr\" target=\"_blank\" rel=\"noreferrer noopener\">commerces.exig.fr<\/a> est la propri\u00e9t\u00e9 exclusive de <strong>SARL <\/strong><strong>EXIG<\/strong>, qui l&rsquo;\u00e9dite.<\/p>\n\n\n\n<p><strong>EXIG<\/strong><br><strong>SARL <\/strong>au capital de<strong>2 000 <\/strong>\u20ac<br>T\u00e9l  : <strong>02 99 06 27 44<\/strong><br><strong>6, rue de la Lib\u00e9ration 35137 B\u00e9d\u00e9e<\/strong><br>Immatricul\u00e9e au Registre du Commerce et des Soci\u00e9t\u00e9s de  <strong>RENNES <\/strong>sous le num\u00e9ro <strong>52186122900024<\/strong><\/p>\n\n\n\n<p>Num\u00e9ro TVA intracommunautaire : <strong>FR13521861229<\/strong><br><a href=\"https:\/\/restauration.jesoutiensmescommerces.fr\/contacter-exig\/\">Cliquer ici pour nous contacter par email<\/a><br>  <br> Directeur de la  publication : <strong>Exig<\/strong><br> <a href=\"https:\/\/restauration.jesoutiensmescommerces.fr\/contacter-exig\/\">Cliquer ici pour nous contacter par email<\/a> <\/p>\n\n\n\n<p><strong>H\u00c9BERGEMENT<\/strong><\/p>\n\n\n\n<p>Le site est h\u00e9berg\u00e9 par <br><strong>Exig <\/strong><br><strong>6, rue de la Lib\u00e9ration <\/strong><br><strong>35137 B\u00e9d\u00e9e<\/strong><\/p>\n\n\n\n<p><strong>CREDITS :<\/strong> les mentions l\u00e9gales ont \u00e9t\u00e9s g\u00e9n\u00e9r\u00e9es par <strong><a href=\"https:\/\/www.generer-mentions-legales.com\">mentions l\u00e9gales<\/a><\/strong><\/p>\n","protected":false},"excerpt":{"rendered":"<p>Conform\u00e9ment aux dispositions des articles 6-III et 19 de la Loi n\u00b0 2004-575 du 21 juin 2004 pour la Confiance dans l&rsquo;\u00e9conomie num\u00e9rique, dite L.C.E.N., nous portons \u00e0 la connaissance des utilisateurs et visiteurs du site : commerces.exig.fr les informations suivantes : \u00c9DITEUR Le site commerces.exig.fr est la propri\u00e9t\u00e9 exclusive de SARL EXIG, qui l&rsquo;\u00e9dite. [&hellip;]<\/p>\n","protected":false},"author":1,"featured_media":0,"parent":0,"menu_order":0,"comment_status":"closed","ping_status":"closed","template":"","meta":[],"_links":{"self":[{"href":"https:\/\/restauration.jesoutiensmescommerces.fr\/le-pressoir\/wp-json\/wp\/v2\/pages\/55"}],"collection":[{"href":"https:\/\/restauration.jesoutiensmescommerces.fr\/le-pressoir\/wp-json\/wp\/v2\/pages"}],"about":[{"href":"https:\/\/restauration.jesoutiensmescommerces.fr\/le-pressoir\/wp-json\/wp\/v2\/types\/page"}],"author":[{"embeddable":true,"href":"https:\/\/restauration.jesoutiensmescommerces.fr\/le-pressoir\/wp-json\/wp\/v2\/users\/1"}],"replies":[{"embeddable":true,"href":"https:\/\/restauration.jesoutiensmescommerces.fr\/le-pressoir\/wp-json\/wp\/v2\/comments?post=55"}],"version-history":[{"count":1,"href":"https:\/\/restauration.jesoutiensmescommerces.fr\/le-pressoir\/wp-json\/wp\/v2\/pages\/55\/revisions"}],"predecessor-version":[{"id":56,"href":"https:\/\/restauration.jesoutiensmescommerces.fr\/le-pressoir\/wp-json\/wp\/v2\/pages\/55\/revisions\/56"}],"wp:attachment":[{"href":"https:\/\/restauration.jesoutiensmescommerces.fr\/le-pressoir\/wp-json\/wp\/v2\/media?parent=55"}],"curies":[{"name":"wp","href":"https:\/\/api.w.org\/{rel}","templated":true}]}}