
	
{"id":10,"date":"2020-03-27T15:41:18","date_gmt":"2020-03-27T14:41:18","guid":{"rendered":"https:\/\/restauration.jesoutiensmescommerces.fr\/le-pressoir\/?page_id=10"},"modified":"2020-05-12T18:30:42","modified_gmt":"2020-05-12T16:30:42","slug":"bienvenue-sur-la-boutique-en-ligne-de","status":"publish","type":"page","link":"https:\/\/restauration.jesoutiensmescommerces.fr\/le-pressoir\/","title":{"rendered":"Bienvenue sur la Boutique de la Cr\u00eaperie Le Pressoir"},"content":{"rendered":"\n<p><\/p>\n\n\n\n<h2 class=\"has-text-align-center\">Nos derniers produits mis en ligne<\/h2>\n\n\n<div data-block-name=\"woocommerce\/product-new\" data-columns=\"4\" data-rows=\"2\" class=\"wc-block-grid wp-block-product-new wc-block-product-new has-4-columns has-multiple-rows alignwide\"><ul class=\"wc-block-grid__products\"><li class=\"wc-block-grid__product\">\n\t\t\t\t<a href=\"https:\/\/restauration.jesoutiensmescommerces.fr\/le-pressoir\/produit\/bon-dachat\/\" class=\"wc-block-grid__product-link\">\n\t\t\t\t\t<div class=\"wc-block-grid__product-image\"><img width=\"271\" height=\"186\" src=\"https:\/\/restauration.jesoutiensmescommerces.fr\/le-pressoir\/wp-content\/uploads\/sites\/25\/2020\/04\/bon-achat.jpg\" class=\"attachment-woocommerce_thumbnail size-woocommerce_thumbnail\" alt=\"Bon d&#039;achat\" loading=\"lazy\" \/><\/div>\n\t\t\t\t\t<div class=\"wc-block-grid__product-title\">Bon d&rsquo;achat<\/div>\n\t\t\t\t<\/a>\n\t\t\t\t\n\t\t\t\t<div class=\"wc-block-grid__product-price price\"><span class=\"woocommerce-Price-amount amount\">10,00<span class=\"woocommerce-Price-currencySymbol\">&euro;<\/span><\/span> &ndash; <span class=\"woocommerce-Price-amount amount\">100,00<span class=\"woocommerce-Price-currencySymbol\">&euro;<\/span><\/span><\/div>\n\t\t\t\t\n\t\t\t\t<div class=\"wp-block-button wc-block-grid__product-add-to-cart\"><a href=\"https:\/\/restauration.jesoutiensmescommerces.fr\/le-pressoir\/produit\/bon-dachat\/\" aria-label=\"S\u00e9lectionner les options pour &ldquo;Bon d&#039;achat&rdquo;\" data-quantity=\"1\" data-product_id=\"82\" data-product_sku=\"\" rel=\"nofollow\" class=\"wp-block-button__link add_to_cart_button\">Lire la suite<\/a><\/div>\n\t\t\t<\/li><li class=\"wc-block-grid__product\">\n\t\t\t\t<a href=\"https:\/\/restauration.jesoutiensmescommerces.fr\/le-pressoir\/produit\/crepes\/\" class=\"wc-block-grid__product-link\">\n\t\t\t\t\t<div class=\"wc-block-grid__product-image\"><img width=\"231\" height=\"218\" src=\"https:\/\/restauration.jesoutiensmescommerces.fr\/le-pressoir\/wp-content\/uploads\/sites\/25\/2020\/04\/Unknown-3.jpeg\" class=\"attachment-woocommerce_thumbnail size-woocommerce_thumbnail\" alt=\"cr\u00eapes\" loading=\"lazy\" \/><\/div>\n\t\t\t\t\t<div class=\"wc-block-grid__product-title\">cr\u00eapes<\/div>\n\t\t\t\t<\/a>\n\t\t\t\t\n\t\t\t\t<div class=\"wc-block-grid__product-price price\"><span class=\"woocommerce-Price-amount amount\">0,60<span class=\"woocommerce-Price-currencySymbol\">&euro;<\/span><\/span><\/div>\n\t\t\t\t\n\t\t\t\t<div class=\"wp-block-button wc-block-grid__product-add-to-cart\"><a href=\"?add-to-cart=79\" aria-label=\"Ajouter &ldquo;cr\u00eapes&rdquo; \u00e0 votre panier\" data-quantity=\"1\" data-product_id=\"79\" data-product_sku=\"\" rel=\"nofollow\" class=\"wp-block-button__link add_to_cart_button ajax_add_to_cart\">Ajouter au panier<\/a><\/div>\n\t\t\t<\/li><li class=\"wc-block-grid__product\">\n\t\t\t\t<a href=\"https:\/\/restauration.jesoutiensmescommerces.fr\/le-pressoir\/produit\/plat-du-jour\/\" class=\"wc-block-grid__product-link\">\n\t\t\t\t\t<div class=\"wc-block-grid__product-image\"><img width=\"324\" height=\"324\" src=\"https:\/\/restauration.jesoutiensmescommerces.fr\/le-pressoir\/wp-content\/uploads\/sites\/25\/2020\/04\/le-pressoir_130476_700-450x450.jpg\" class=\"attachment-woocommerce_thumbnail size-woocommerce_thumbnail\" alt=\"plat du jour 6\u20ac\" loading=\"lazy\" srcset=\"https:\/\/restauration.jesoutiensmescommerces.fr\/le-pressoir\/wp-content\/uploads\/sites\/25\/2020\/04\/le-pressoir_130476_700-450x450.jpg 450w, https:\/\/restauration.jesoutiensmescommerces.fr\/le-pressoir\/wp-content\/uploads\/sites\/25\/2020\/04\/le-pressoir_130476_700-150x150.jpg 150w, https:\/\/restauration.jesoutiensmescommerces.fr\/le-pressoir\/wp-content\/uploads\/sites\/25\/2020\/04\/le-pressoir_130476_700-100x100.jpg 100w\" sizes=\"(max-width: 324px) 100vw, 324px\" \/><\/div>\n\t\t\t\t\t<div class=\"wc-block-grid__product-title\">plat du jour 6\u20ac<\/div>\n\t\t\t\t<\/a>\n\t\t\t\t\n\t\t\t\t<div class=\"wc-block-grid__product-price price\"><span class=\"woocommerce-Price-amount amount\">6,00<span class=\"woocommerce-Price-currencySymbol\">&euro;<\/span><\/span> &ndash; <span class=\"woocommerce-Price-amount amount\">10,00<span class=\"woocommerce-Price-currencySymbol\">&euro;<\/span><\/span><\/div>\n\t\t\t\t\n\t\t\t\t<div class=\"wp-block-button wc-block-grid__product-add-to-cart\"><a href=\"https:\/\/restauration.jesoutiensmescommerces.fr\/le-pressoir\/produit\/plat-du-jour\/\" aria-label=\"S\u00e9lectionner les options pour &ldquo;plat du jour 6\u20ac&rdquo;\" data-quantity=\"1\" data-product_id=\"77\" data-product_sku=\"\" rel=\"nofollow\" class=\"wp-block-button__link add_to_cart_button\">Choix des options<\/a><\/div>\n\t\t\t<\/li><li class=\"wc-block-grid__product\">\n\t\t\t\t<a href=\"https:\/\/restauration.jesoutiensmescommerces.fr\/le-pressoir\/produit\/galettes\/\" class=\"wc-block-grid__product-link\">\n\t\t\t\t\t<div class=\"wc-block-grid__product-image\"><img width=\"311\" height=\"162\" src=\"https:\/\/restauration.jesoutiensmescommerces.fr\/le-pressoir\/wp-content\/uploads\/sites\/25\/2020\/04\/Unknown-4.jpeg\" class=\"attachment-woocommerce_thumbnail size-woocommerce_thumbnail\" alt=\"galettes\" loading=\"lazy\" srcset=\"https:\/\/restauration.jesoutiensmescommerces.fr\/le-pressoir\/wp-content\/uploads\/sites\/25\/2020\/04\/Unknown-4.jpeg 311w, https:\/\/restauration.jesoutiensmescommerces.fr\/le-pressoir\/wp-content\/uploads\/sites\/25\/2020\/04\/Unknown-4-300x156.jpeg 300w\" sizes=\"(max-width: 311px) 100vw, 311px\" \/><\/div>\n\t\t\t\t\t<div class=\"wc-block-grid__product-title\">galettes<\/div>\n\t\t\t\t<\/a>\n\t\t\t\t\n\t\t\t\t<div class=\"wc-block-grid__product-price price\"><span class=\"woocommerce-Price-amount amount\">0,60<span class=\"woocommerce-Price-currencySymbol\">&euro;<\/span><\/span><\/div>\n\t\t\t\t\n\t\t\t\t<div class=\"wp-block-button wc-block-grid__product-add-to-cart\"><a href=\"?add-to-cart=74\" aria-label=\"Ajouter &ldquo;galettes&rdquo; \u00e0 votre panier\" data-quantity=\"1\" data-product_id=\"74\" data-product_sku=\"\" rel=\"nofollow\" class=\"wp-block-button__link add_to_cart_button ajax_add_to_cart\">Ajouter au panier<\/a><\/div>\n\t\t\t<\/li><\/ul><\/div>\n\n\n<div class=\"wp-container-1 wp-block-buttons alignright\">\n<div class=\"wp-block-button\"><a class=\"wp-block-button__link has-text-color\" href=\"https:\/\/restauration.jesoutiensmescommerces.fr\/le-pressoir\/boutique\/\" style=\"color:#ffffff\">Tous nos produits<\/a><\/div>\n<\/div>\n\n\n\n<div style=\"height:100px\" aria-hidden=\"true\" class=\"wp-block-spacer\"><\/div>\n\n\n\n<h2 class=\"has-text-align-center\">La cr\u00eaperie<\/h2>\n\n\n\n<div class=\"wp-block-media-text alignwide is-stacked-on-mobile\"><figure class=\"wp-block-media-text__media\"><img loading=\"lazy\" width=\"640\" height=\"480\" src=\"https:\/\/restauration.jesoutiensmescommerces.fr\/le-pressoir\/wp-content\/uploads\/sites\/25\/2020\/04\/le-pressoir.jpg\" alt=\"\" class=\"wp-image-65\" srcset=\"https:\/\/restauration.jesoutiensmescommerces.fr\/le-pressoir\/wp-content\/uploads\/sites\/25\/2020\/04\/le-pressoir.jpg 640w, https:\/\/restauration.jesoutiensmescommerces.fr\/le-pressoir\/wp-content\/uploads\/sites\/25\/2020\/04\/le-pressoir-300x225.jpg 300w, https:\/\/restauration.jesoutiensmescommerces.fr\/le-pressoir\/wp-content\/uploads\/sites\/25\/2020\/04\/le-pressoir-600x450.jpg 600w\" sizes=\"(max-width: 640px) 100vw, 640px\" \/><\/figure><div class=\"wp-block-media-text__content\">\n<h3>Adresse<\/h3>\n\n\n\n<p>16 Place de l&rsquo;\u00c9glise Saint-Martin, 35850 Romill\u00e9<\/p>\n\n\n\n<h3>Contact<\/h3>\n\n\n\n<p>02 99 23 28 59<\/p>\n<\/div><\/div>\n","protected":false},"excerpt":{"rendered":"<p>Nos derniers produits mis en ligne La cr\u00eaperie Adresse 16 Place de l&rsquo;\u00c9glise Saint-Martin, 35850 Romill\u00e9 Contact 02 99 23 28 59<\/p>\n","protected":false},"author":1,"featured_media":65,"parent":0,"menu_order":0,"comment_status":"closed","ping_status":"closed","template":"templates\/template-cover.php","meta":[],"_links":{"self":[{"href":"https:\/\/restauration.jesoutiensmescommerces.fr\/le-pressoir\/wp-json\/wp\/v2\/pages\/10"}],"collection":[{"href":"https:\/\/restauration.jesoutiensmescommerces.fr\/le-pressoir\/wp-json\/wp\/v2\/pages"}],"about":[{"href":"https:\/\/restauration.jesoutiensmescommerces.fr\/le-pressoir\/wp-json\/wp\/v2\/types\/page"}],"author":[{"embeddable":true,"href":"https:\/\/restauration.jesoutiensmescommerces.fr\/le-pressoir\/wp-json\/wp\/v2\/users\/1"}],"replies":[{"embeddable":true,"href":"https:\/\/restauration.jesoutiensmescommerces.fr\/le-pressoir\/wp-json\/wp\/v2\/comments?post=10"}],"version-history":[{"count":10,"href":"https:\/\/restauration.jesoutiensmescommerces.fr\/le-pressoir\/wp-json\/wp\/v2\/pages\/10\/revisions"}],"predecessor-version":[{"id":174,"href":"https:\/\/restauration.jesoutiensmescommerces.fr\/le-pressoir\/wp-json\/wp\/v2\/pages\/10\/revisions\/174"}],"wp:featuredmedia":[{"embeddable":true,"href":"https:\/\/restauration.jesoutiensmescommerces.fr\/le-pressoir\/wp-json\/wp\/v2\/media\/65"}],"wp:attachment":[{"href":"https:\/\/restauration.jesoutiensmescommerces.fr\/le-pressoir\/wp-json\/wp\/v2\/media?parent=10"}],"curies":[{"name":"wp","href":"https:\/\/api.w.org\/{rel}","templated":true}]}}